{"id":64968,"date":"2023-03-09T09:13:58","date_gmt":"2023-03-09T08:13:58","guid":{"rendered":"https:\/\/lekarnici.cz\/?page_id=64968"},"modified":"2023-03-09T09:14:02","modified_gmt":"2023-03-09T08:14:02","slug":"uvodni-stranka","status":"publish","type":"page","link":"https:\/\/lekarnici.cz\/de\/","title":{"rendered":"Startseite"},"content":{"rendered":"<p><div class=\"fusion-fullwidth fullwidth-box fusion-builder-row-1 fusion-flex-container has-pattern-background has-mask-background fusion-parallax-none slider_container nonhundred-percent-fullwidth non-hundred-percent-height-scrolling\" style=\"--awb-background-position:center bottom;--awb-border-radius-top-left:0px;--awb-border-radius-top-right:0px;--awb-border-radius-bottom-right:0px;--awb-border-radius-bottom-left:0px;--awb-padding-top:32px;--awb-padding-bottom:140px;--awb-background-image:url(&quot;https:\/\/lekarnici.cz\/wp-content\/uploads\/2022\/11\/bg.svg&quot;);--awb-background-size:cover;\" ><div class=\"fusion-builder-row fusion-row fusion-flex-align-items-stretch\" style=\"max-width:calc( 1460px + 0px );margin-left: calc(-0px \/ 2 );margin-right: calc(-0px \/ 2 );\"><div class=\"fusion-layout-column fusion_builder_column fusion-builder-column-0 fusion_builder_column_2_3 2_3 fusion-flex-column\" style=\"--awb-padding-right:2%;--awb-padding-right-medium:0px;--awb-bg-size:cover;--awb-width-large:66.666666666667%;--awb-margin-top-large:0px;--awb-spacing-right-large:0;--awb-margin-bottom-large:0px;--awb-spacing-left-large:0;--awb-width-medium:100%;--awb-order-medium:0;--awb-spacing-right-medium:0;--awb-spacing-left-medium:0;--awb-width-small:100%;--awb-order-small:0;--awb-spacing-right-small:0;--awb-spacing-left-small:0;\"><div class=\"fusion-column-wrapper fusion-column-has-shadow fusion-flex-justify-content-flex-start fusion-content-layout-column\"><div class=\"hero_carousel owl-carousel\"><div class=\"custom_carousel_first_slide custom_carousel_slide\"><svg class=\"custom_carousel_first_slide_svg\" xmlns=\"http:\/\/www.w3.org\/2000\/svg\" xmlns:xlink=\"http:\/\/www.w3.org\/1999\/xlink\" width=\"314.927\" height=\"313.335\" viewBox=\"0 0 314.927 313.335\"><defs><linearGradient id=\"a\" x1=\"0.516\" y1=\"0.271\" x2=\"0.5\" y2=\"1\" gradientUnits=\"objectBoundingBox\"><stop offset=\"0\" stop-color=\"#dfecc9\"\/><stop offset=\"1\" stop-color=\"#dfecc9\"\/><\/linearGradient><clipPath id=\"b\"><rect width=\"227.784\" height=\"232.136\" fill=\"url(#a)\"\/><\/clipPath><linearGradient id=\"c\" x1=\"0.5\" x2=\"0.5\" y2=\"1\" gradientUnits=\"objectBoundingBox\"><stop offset=\"0\" stop-color=\"#dfecc9\" stop-opacity=\"0.541\"\/><stop offset=\"1\" stop-color=\"#dfecc9\"\/><\/linearGradient><\/defs><g transform=\"translate(0 197.267) rotate(-60)\"><g transform=\"translate(0 0)\" clip-path=\"url(#b)\"><path d=\"M163.875,42.741c7.826,13.35,13.459,23.352,29.663,51.378,5.056,8.744,9.641,16.481,14.155,24.518,9.255,15.712,15.991,27.881,16.47,38.969.7,16.116-21.784,51.1-43.591,58.443-21.758,7.342-44.851,1.446-65.62-2.252-20.769-3.643-39.263-5.089-54.492-14.914-15.181-9.829-27.1-28.037-38.719-50.868C10.17,125.236,0,77.054,0,77.054l56.581-33.6S130.544,1.089,132.027.285s7.06.071,9,2.873\" transform=\"translate(-0.198 12.581)\" fill=\"url(#c)\"\/><\/g><\/g><\/svg><span class=\"custom_carousel_first_slide_domain\">lekarnici.cz<\/span><div class=\"custom_carousel_first_slide_text_wrapper\"><h1>Tschechische <br \/>Apothekerkammer<\/h1><p>Wir bringen Apothekerinnen und Apotheker in der Tschechischen Republik zusammen.<\/p><\/div><div><img decoding=\"async\" src=\"\/wp-content\/uploads\/2023\/04\/prvni_slide_img.jpg\" alt=\"Tschechische Apothekerkammer\" \/><\/div><\/div><\/div><\/div><\/div><div class=\"fusion-layout-column fusion_builder_column fusion-builder-column-1 fusion_builder_column_1_3 1_3 fusion-flex-column fusion-no-small-visibility fusion-no-medium-visibility\" style=\"--awb-padding-left:2%;--awb-bg-size:cover;--awb-width-large:33.333333333333%;--awb-margin-top-large:0px;--awb-spacing-right-large:0;--awb-margin-bottom-large:0px;--awb-spacing-left-large:0;--awb-width-medium:33.333333333333%;--awb-order-medium:0;--awb-spacing-right-medium:0;--awb-spacing-left-medium:0;--awb-width-small:100%;--awb-order-small:0;--awb-spacing-right-small:0;--awb-spacing-left-small:0;\"><div class=\"fusion-column-wrapper fusion-column-has-shadow fusion-flex-justify-content-flex-start fusion-content-layout-column\"><div class=\"custom_posts_wrapper\"><\/div><div ><a class=\"fusion-button button-flat fusion-button-default-size button-custom fusion-button-default button-1 fusion-button-default-span fusion-button-default-type custom_posts_hero_button\" style=\"--button_accent_color:var(--awb-custom_color_3);--button_accent_hover_color:var(--awb-custom_color_5);--button_border_hover_color:var(--awb-color1);--button_gradient_top_color:var(--awb-custom_color_5);--button_gradient_bottom_color:var(--awb-custom_color_5);--button_gradient_top_color_hover:var(--awb-custom_color_3);--button_gradient_bottom_color_hover:var(--awb-custom_color_3);--button_text_transform:var(--awb-typography4-text-transform);--button_font_size:var(--awb-typography4-font-size);--button_typography-letter-spacing:var(--awb-typography4-letter-spacing);--button_typography-font-family:&quot;Inter&quot;;--button_typography-font-style:normal;--button_typography-font-weight:600;\" target=\"_self\" title=\"Weitere Nachrichten\" href=\"\/aktuality\"><span class=\"fusion-button-text\">Weitere Nachrichten<\/span><i class=\"fa-angle-right fas button-icon-right\" aria-hidden=\"true\"><\/i><\/a><\/div><\/div><\/div><\/div><\/div><div class=\"fusion-fullwidth fullwidth-box fusion-builder-row-2 fusion-flex-container has-pattern-background has-mask-background nonhundred-percent-fullwidth non-hundred-percent-height-scrolling\" style=\"--awb-border-radius-top-left:0px;--awb-border-radius-top-right:0px;--awb-border-radius-bottom-right:0px;--awb-border-radius-bottom-left:0px;--awb-margin-bottom:80px;--awb-margin-bottom-medium:60px;\" ><div class=\"fusion-builder-row fusion-row fusion-flex-align-items-center\" style=\"max-width:1518.4px;margin-left: calc(-4% \/ 2 );margin-right: calc(-4% \/ 2 );\"><div class=\"fusion-layout-column fusion_builder_column fusion-builder-column-2 fusion_builder_column_1_2 1_2 fusion-flex-column\" style=\"--awb-bg-size:cover;--awb-width-large:50%;--awb-margin-top-large:0px;--awb-spacing-right-large:3.84%;--awb-margin-bottom-large:0px;--awb-spacing-left-large:3.84%;--awb-width-medium:100%;--awb-order-medium:0;--awb-spacing-right-medium:1.92%;--awb-margin-bottom-medium:32px;--awb-spacing-left-medium:1.92%;--awb-width-small:100%;--awb-order-small:0;--awb-spacing-right-small:1.92%;--awb-spacing-left-small:1.92%;\"><div class=\"fusion-column-wrapper fusion-column-has-shadow fusion-flex-justify-content-flex-start fusion-content-layout-column\"><div class=\"fusion-title title fusion-title-1 fusion-sep-none fusion-title-text fusion-title-size-two highlighted_title\" style=\"--awb-margin-top:0px;--awb-margin-bottom:45px;\"><h2 class=\"title-heading-left fusion-responsive-typography-calculated\" style=\"margin:0;--fontSize:26;line-height:1.25;\">Tschechische Apothekerkammer<\/h2><\/div><div class=\"fusion-text fusion-text-1 fusion-text-no-margin about_large\" style=\"--awb-font-size:24px;--awb-line-height:var(--awb-typography4-line-height);--awb-letter-spacing:var(--awb-typography4-letter-spacing);--awb-text-transform:var(--awb-typography4-text-transform);--awb-text-color:var(--awb-custom_color_6);--awb-margin-bottom:32px;--awb-text-font-family:var(--awb-typography4-font-family);--awb-text-font-weight:var(--awb-typography4-font-weight);--awb-text-font-style:var(--awb-typography4-font-style);\"><p><strong>Die \u010cLnK ist eine selbstverwaltete, unpolitische Gewerkschaftsorganisation, in der Apotheker aus der gesamten Tschechischen Republik zusammengeschlossen sind.<\/strong><\/p>\n<\/div><div class=\"fusion-text fusion-text-2 fusion-text-no-margin about_small\" style=\"--awb-font-size:20px;--awb-line-height:var(--awb-typography4-line-height);--awb-letter-spacing:var(--awb-typography4-letter-spacing);--awb-text-transform:var(--awb-typography4-text-transform);--awb-text-color:var(--awb-custom_color_7);--awb-text-font-family:var(--awb-typography4-font-family);--awb-text-font-weight:var(--awb-typography4-font-weight);--awb-text-font-style:var(--awb-typography4-font-style);\"><p>Diese Organisation bescheinigt die Erf\u00fcllung der Voraussetzungen f\u00fcr die Aus\u00fcbung des Apothekerberufs und garantiert so die berufliche Bef\u00e4higung ihrer Mitglieder, die sich zudem in diesem Bereich fortbilden. Sie verteidigt die beruflichen Interessen und Rechte ihrer Mitglieder, sch\u00fctzt ihre Berufsehre und bietet ihnen Rechtsbeistand.<\/p>\n<p>Jeder Apotheker, der einen Beruf aus\u00fcbt, ist Mitglied der Kammer, und alle Mitglieder werden von der Organisation in einer Mitgliederliste erfasst.<\/p>\n<\/div><\/div><\/div><div class=\"fusion-layout-column fusion_builder_column fusion-builder-column-3 fusion_builder_column_1_2 1_2 fusion-flex-column\" style=\"--awb-bg-size:cover;--awb-width-large:50%;--awb-margin-top-large:0px;--awb-spacing-right-large:3.84%;--awb-margin-bottom-large:0px;--awb-spacing-left-large:3.84%;--awb-width-medium:100%;--awb-order-medium:0;--awb-spacing-right-medium:1.92%;--awb-spacing-left-medium:1.92%;--awb-width-small:100%;--awb-order-small:0;--awb-spacing-right-small:1.92%;--awb-spacing-left-small:1.92%;\"><div class=\"fusion-column-wrapper fusion-column-has-shadow fusion-flex-justify-content-flex-start fusion-content-layout-column\"><div class=\"o_clnk_grafika\">\n<svg id=\"Group_48\" data-name=\"Group 48\" xmlns=\"http:\/\/www.w3.org\/2000\/svg\" xmlns:xlink=\"http:\/\/www.w3.org\/1999\/xlink\" width=\"652.017\" height=\"605.622\" viewBox=\"0 0 652.017 605.622\">\n  <defs>\n    <linearGradient id=\"linear-gradient\" x1=\"0.5\" x2=\"0.5\" y2=\"1\" gradientUnits=\"objectBoundingBox\">\n      <stop offset=\"0\" stop-color=\"#dfecc9\"\/>\n      <stop offset=\"1\" stop-color=\"#dfecc9\"\/>\n    <\/linearGradient>\n    <clipPath id=\"clip-path\">\n      <rect id=\"Rectangle_17\" data-name=\"Rectangle 17\" width=\"652.017\" height=\"605.622\" fill=\"url(#linear-gradient)\"\/>\n    <\/clipPath>\n    <linearGradient id=\"linear-gradient-2\" x1=\"0.5\" x2=\"0.5\" y2=\"1\" gradientUnits=\"objectBoundingBox\">\n      <stop offset=\"0\" stop-color=\"#dfecc9\" stop-opacity=\"0.451\"\/>\n      <stop offset=\"1\" stop-color=\"#dfecc9\"\/>\n    <\/linearGradient>\n  <\/defs>\n<\/svg>\n\n<svg class=\"ikona1\" xmlns=\"http:\/\/www.w3.org\/2000\/svg\" xmlns:xlink=\"http:\/\/www.w3.org\/1999\/xlink\" width=\"80.656\" height=\"80.677\" viewBox=\"0 0 80.656 80.677\">\n  <defs>\n    <linearGradient id=\"linear-gradient1\" x1=\"0.931\" y1=\"0.179\" x2=\"0.078\" y2=\"0.926\" gradientUnits=\"objectBoundingBox\">\n      <stop offset=\"0\" stop-color=\"#127c34\"\/>\n      <stop offset=\"1\" stop-color=\"#00b138\"\/>\n    <\/linearGradient>\n    <clipPath id=\"clip-path\">\n      <rect id=\"Rectangle_20\" data-name=\"Rectangle 20\" width=\"75.567\" height=\"75.59\" fill=\"url(#linear-gradient1)\"\/>\n    <\/clipPath>\n  <\/defs>\n  <g id=\"Group_55\" data-name=\"Group 55\" transform=\"matrix(0.998, 0.07, -0.07, 0.998, 5.273, 0)\">\n    <g id=\"Group_54\" data-name=\"Group 54\" transform=\"translate(0 0)\" clip-path=\"url(#clip-path)\">\n      <path id=\"Path_36\" data-name=\"Path 36\" d=\"M69.6,5.97a20.382,20.382,0,0,0-28.825,0L5.959,40.792A20.384,20.384,0,1,0,34.79,69.617L69.6,34.8a20.4,20.4,0,0,0,0-28.83M65.947,31.142,49.579,47.511,28.065,26,44.438,9.628A15.211,15.211,0,0,1,65.947,31.142\" transform=\"translate(0 0)\" fill=\"url(#linear-gradient1)\"\/>\n    <\/g>\n  <\/g>\n<\/svg>\n\n<svg class=\"ikona2\" xmlns=\"http:\/\/www.w3.org\/2000\/svg\" xmlns:xlink=\"http:\/\/www.w3.org\/1999\/xlink\" width=\"89.092\" height=\"80.644\" viewBox=\"0 0 89.092 80.644\">\n  <defs>\n    <linearGradient id=\"linear-gradient2\" x1=\"0.5\" x2=\"0.5\" y2=\"1\" gradientUnits=\"objectBoundingBox\">\n      <stop offset=\"0\" stop-color=\"#127c34\"\/>\n      <stop offset=\"1\" stop-color=\"#00b138\"\/>\n    <\/linearGradient>\n    <clipPath id=\"clip-path\">\n      <rect id=\"Rectangle_18\" data-name=\"Rectangle 18\" width=\"75.268\" height=\"63.321\" fill=\"url(#linear-gradient2)\"\/>\n    <\/clipPath>\n  <\/defs>\n  <g id=\"Group_51\" data-name=\"Group 51\" transform=\"matrix(0.966, -0.259, 0.259, 0.966, 0, 19.481)\">\n    <g id=\"Group_50\" data-name=\"Group 50\" transform=\"translate(0 0)\" clip-path=\"url(#clip-path)\">\n      <path id=\"Path_33\" data-name=\"Path 33\" d=\"M58.327.154Q56.511,0,54.919,0C46.4,0,42.312,3.25,37.634,8.175,32.955,3.25,28.867,0,20.347,0c-1.063,0-2.2.049-3.408.154C9.565.79,1.039,6.752,0,18.176v3.8C.968,32.914,10.315,46.4,37.634,63.321,64.953,46.4,74.3,32.914,75.268,21.978v-3.8C74.227,6.752,65.7.79,58.327.154M51.914,33.661a1.592,1.592,0,0,1-1.592,1.593H45.114a1.588,1.588,0,0,0-1.542,1.539v5.094a1.591,1.591,0,0,1-1.592,1.592h-7.7a1.592,1.592,0,0,1-1.592-1.592V38.637l-.008,0V36.847a1.592,1.592,0,0,0-1.592-1.593H26.179a1.592,1.592,0,0,1-1.593-1.593V25.967a1.591,1.591,0,0,1,1.593-1.591h5.2a1.592,1.592,0,0,0,1.307-1.564V21l.008,0v-3.25a1.592,1.592,0,0,1,1.592-1.591h7.7a1.591,1.591,0,0,1,1.592,1.591v5.116a1.589,1.589,0,0,0,1.347,1.519h5.4a1.591,1.591,0,0,1,1.592,1.591Z\" transform=\"translate(0 0)\" fill=\"url(#linear-gradient2)\"\/>\n    <\/g>\n  <\/g>\n<\/svg>\n\n<svg class=\"ikona3\" xmlns=\"http:\/\/www.w3.org\/2000\/svg\" xmlns:xlink=\"http:\/\/www.w3.org\/1999\/xlink\" width=\"132.723\" height=\"132.726\" viewBox=\"0 0 132.723 132.726\">\n  <defs>\n    <linearGradient id=\"linear-gradient3\" x1=\"0.5\" x2=\"0.5\" y2=\"1\" gradientUnits=\"objectBoundingBox\">\n      <stop offset=\"0\" stop-color=\"#127c34\"\/>\n      <stop offset=\"1\" stop-color=\"#00b138\"\/>\n    <\/linearGradient>\n    <clipPath id=\"clip-path\">\n      <rect id=\"Rectangle_22\" data-name=\"Rectangle 22\" width=\"99.871\" height=\"99.877\" fill=\"url(#linear-gradient3)\"\/>\n    <\/clipPath>\n  <\/defs>\n  <g id=\"Group_59\" data-name=\"Group 59\" transform=\"translate(42.21) rotate(25)\">\n    <g id=\"Group_58\" data-name=\"Group 58\" transform=\"translate(0 0)\" clip-path=\"url(#clip-path)\">\n      <path id=\"Path_38\" data-name=\"Path 38\" d=\"M99.871,46.54v6.8c0,.458-.028.909-.067,1.356H84.758a10.167,10.167,0,0,1-1.569-1.85c-1.24-1.678-2.64-3.579-4.554-3.579-1.97,0-2.971,2.315-4.03,4.765-.461,1.071-1.39,3.221-1.991,3.608-.9-.918-2.429-5.249-3.362-7.892-2.2-6.263-3.355-9.279-5.413-9.372-3.451-.164-7.417,9.526-8.727,13.011a23.473,23.473,0,0,1-4.379-.042,19.476,19.476,0,0,0-4.511-.006c-1.884.4-2.57,3.193-3.535,7.722-.185.86-.42,1.958-.654,2.862a15.423,15.423,0,0,1-.115-2.768v-.162L39.352,27.177a1.315,1.315,0,0,0-1.311-1.217H38.03a1.31,1.31,0,0,0-1.3,1.233c-.79,12.969-2.1,27.1-3.166,31.751a27.188,27.188,0,0,1-.868-5.445,1.306,1.306,0,0,0-1.343-1.231l-4.074.092c-.62-1.451-2.02-4.118-4.17-4.872a2.327,2.327,0,0,0-2.067.243c-1.538.985-2.208,3.946-2.482,5.805H.008c0-.068-.008-.133-.008-.2v-6.8A15.284,15.284,0,0,1,15.284,31.254H31.251V15.289A15.289,15.289,0,0,1,46.539,0h6.8A15.285,15.285,0,0,1,68.616,15.289V31.254H84.583A15.287,15.287,0,0,1,99.871,46.54M81.072,54.4c-.618-.837-1.754-2.372-2.358-2.5a12.053,12.053,0,0,0-1.692,3.17c-1.116,2.583-2.27,5.25-4.535,5.25-2.2,0-3.471-3.326-5.713-9.7-.935-2.643-2.307-6.548-3.154-7.527-1.46.954-4.613,7.348-6.157,11.523-.655,1.757-3.276,1.587-6.9,1.35a24.387,24.387,0,0,0-3.644-.084c-.589.717-1.279,3.956-1.657,5.721-.8,3.777-1.358,6.362-3.1,6.362a2.038,2.038,0,0,1-.422-.044c-2.382-.5-2.57-4.442-2.458-6.813L38.033,44.632c-1.6,17.476-2.62,17.708-3.8,17.973a2.063,2.063,0,0,1-1.718-.386C31,61.088,30.4,57.361,30.167,54.927l-3.753.086a1.311,1.311,0,0,1-1.275-.891c-.385-1.121-1.545-3.531-2.774-4.1-.5.547-1.133,2.838-1.33,4.949a1.318,1.318,0,0,1-1.309,1.194H.274a15.277,15.277,0,0,0,15.01,12.451H31.251V84.586A15.289,15.289,0,0,0,46.539,99.875h6.8A15.285,15.285,0,0,0,68.616,84.586V68.621H84.583a15.279,15.279,0,0,0,14.744-11.3H84.658c-1.433,0-2.429-1.352-3.586-2.919\" transform=\"translate(0 0)\" fill=\"url(#linear-gradient3)\"\/>\n    <\/g>\n  <\/g>\n<\/svg>\n\n<svg class=\"ikona4\" id=\"Group_57\" data-name=\"Group 57\" xmlns=\"http:\/\/www.w3.org\/2000\/svg\" xmlns:xlink=\"http:\/\/www.w3.org\/1999\/xlink\" width=\"82.425\" height=\"82.214\" viewBox=\"0 0 82.425 82.214\">\n  <defs>\n    <linearGradient id=\"linear-gradient4\" x1=\"0.5\" x2=\"0.5\" y2=\"1\" gradientUnits=\"objectBoundingBox\">\n      <stop offset=\"0\" stop-color=\"#127c34\"\/>\n      <stop offset=\"1\" stop-color=\"#00b138\"\/>\n    <\/linearGradient>\n    <clipPath id=\"clip-path\">\n      <rect id=\"Rectangle_21\" data-name=\"Rectangle 21\" width=\"82.425\" height=\"82.214\" fill=\"url(#linear-gradient4)\"\/>\n    <\/clipPath>\n  <\/defs>\n  <g id=\"Group_56\" data-name=\"Group 56\" transform=\"translate(0 0)\" clip-path=\"url(#clip-path)\">\n    <path id=\"Path_37\" data-name=\"Path 37\" d=\"M81.736,18.742,63.684.689a2.351,2.351,0,0,0-3.322,3.327l8.2,8.195-5.4,5.4L55.268,9.714a2.358,2.358,0,0,0-3.327,0L4.481,57.179a2.348,2.348,0,0,0-.387,2.816l6,10.648L0,80.534l1.65,1.68,10.1-9.9,10.678,6.025a2.351,2.351,0,0,0,2.816-.385l47.46-47.468a2.346,2.346,0,0,0,0-3.322l-7.887-7.89,5.4-5.4,8.195,8.193a2.348,2.348,0,0,0,3.321-3.321M65.714,30.836l-5.641-5.641a.513.513,0,0,0-.725.725l5.641,5.641-3.4,3.4-4.913-4.911a1.543,1.543,0,0,0-2.182,2.184L59.4,37.147l-3.4,3.4-5.644-5.641a.513.513,0,0,0-.725.727l5.639,5.644-3.4,3.4-4.91-4.916a1.546,1.546,0,0,0-2.188,2.184l4.916,4.914-3.4,3.4L40.646,44.62a.512.512,0,0,0-.724.725l5.641,5.641-2.949,2.951L28.492,39.816,53.6,14.7,67.728,28.822Z\" transform=\"translate(0 0.001)\" fill=\"url(#linear-gradient4)\"\/>\n  <\/g>\n<\/svg>\n\n<div class=\"fusion-image-element \" style=\"--awb-caption-title-size:var(--h2_typography-font-size);--awb-caption-title-transform:var(--h2_typography-text-transform);--awb-caption-title-line-height:var(--h2_typography-line-height);--awb-caption-title-letter-spacing:var(--h2_typography-letter-spacing);\"><span class=\" fusion-imageframe imageframe-none imageframe-1 hover-type-none o_clnk_osoba\"><img decoding=\"async\" width=\"653\" height=\"606\" alt=\"Apotheke\" src=\"https:\/\/lekarnici.cz\/wp-content\/uploads\/2023\/01\/women.png\" class=\"img-responsive wp-image-64859\" srcset=\"https:\/\/lekarnici.cz\/wp-content\/uploads\/2023\/01\/women-200x186.png 200w, https:\/\/lekarnici.cz\/wp-content\/uploads\/2023\/01\/women-400x371.png 400w, https:\/\/lekarnici.cz\/wp-content\/uploads\/2023\/01\/women-600x557.png 600w, https:\/\/lekarnici.cz\/wp-content\/uploads\/2023\/01\/women.png 653w\" sizes=\"(max-width: 640px) 100vw, 653px\" \/><\/span><\/div><\/div><\/div><\/div><\/div><\/div><\/p>\n","protected":false},"excerpt":{"rendered":"","protected":false},"author":11,"featured_media":0,"parent":0,"menu_order":0,"comment_status":"closed","ping_status":"closed","template":"100-width.php","meta":{"_bbp_topic_count":0,"_bbp_reply_count":0,"_bbp_total_topic_count":0,"_bbp_total_reply_count":0,"_bbp_voice_count":0,"_bbp_anonymous_reply_count":0,"_bbp_topic_count_hidden":0,"_bbp_reply_count_hidden":0,"_bbp_forum_subforum_count":0,"footnotes":"","_expiration-date-status":"","_expiration-date":0,"_expiration-date-type":"","_expiration-date-categories":[],"_expiration-date-options":[]},"class_list":["post-64968","page","type-page","status-publish","hentry"],"acf":[],"yoast_head":"<!-- This site is optimized with the Yoast SEO plugin v20.8 - https:\/\/yoast.com\/wordpress\/plugins\/seo\/ -->\n<title>Startseite | \u010cesk\u00e1 l\u00e9k\u00e1rnick\u00e1 komora<\/title>\n<meta name=\"robots\" content=\"index, follow, max-snippet:-1, max-image-preview:large, max-video-preview:-1\" \/>\n<link rel=\"canonical\" href=\"https:\/\/lekarnici.cz\/de\/\" \/>\n<meta property=\"og:locale\" content=\"de_DE\" \/>\n<meta property=\"og:type\" content=\"article\" \/>\n<meta property=\"og:title\" content=\"Startseite | \u010cesk\u00e1 l\u00e9k\u00e1rnick\u00e1 komora\" \/>\n<meta property=\"og:url\" content=\"https:\/\/lekarnici.cz\/de\/\" \/>\n<meta property=\"og:site_name\" content=\"\u010cesk\u00e1 l\u00e9k\u00e1rnick\u00e1 komora\" \/>\n<meta property=\"article:modified_time\" content=\"2023-03-09T08:14:02+00:00\" \/>\n<meta name=\"twitter:card\" content=\"summary_large_image\" \/>\n<meta name=\"twitter:label1\" content=\"Gesch\u00e4tzte Lesezeit\" \/>\n\t<meta name=\"twitter:data1\" content=\"7\u00a0Minuten\" \/>\n<script type=\"application\/ld+json\" class=\"yoast-schema-graph\">{\"@context\":\"https:\/\/schema.org\",\"@graph\":[{\"@type\":\"WebPage\",\"@id\":\"https:\/\/lekarnici.cz\/de\/\",\"url\":\"https:\/\/lekarnici.cz\/de\/\",\"name\":\"Startseite | \u010cesk\u00e1 l\u00e9k\u00e1rnick\u00e1 komora\",\"isPartOf\":{\"@id\":\"https:\/\/lekarnici.cz\/de\/#website\"},\"datePublished\":\"2023-03-09T08:13:58+00:00\",\"dateModified\":\"2023-03-09T08:14:02+00:00\",\"breadcrumb\":{\"@id\":\"https:\/\/lekarnici.cz\/de\/#breadcrumb\"},\"inLanguage\":\"de\",\"potentialAction\":[{\"@type\":\"ReadAction\",\"target\":[\"https:\/\/lekarnici.cz\/de\/\"]}]},{\"@type\":\"BreadcrumbList\",\"@id\":\"https:\/\/lekarnici.cz\/de\/#breadcrumb\",\"itemListElement\":[{\"@type\":\"ListItem\",\"position\":1,\"name\":\"Startseite\",\"item\":\"https:\/\/lekarnici.cz\/de\/\"},{\"@type\":\"ListItem\",\"position\":2,\"name\":\"Startseite\"}]},{\"@type\":\"WebSite\",\"@id\":\"https:\/\/lekarnici.cz\/de\/#website\",\"url\":\"https:\/\/lekarnici.cz\/de\/\",\"name\":\"\u010cesk\u00e1 l\u00e9k\u00e1rnick\u00e1 komora\",\"description\":\"\u010cLnK\",\"potentialAction\":[{\"@type\":\"SearchAction\",\"target\":{\"@type\":\"EntryPoint\",\"urlTemplate\":\"https:\/\/lekarnici.cz\/de\/?s={search_term_string}\"},\"query-input\":\"required name=search_term_string\"}],\"inLanguage\":\"de\"}]}<\/script>\n<!-- \/ Yoast SEO plugin. -->","yoast_head_json":{"title":"Startseite | \u010cesk\u00e1 l\u00e9k\u00e1rnick\u00e1 komora","robots":{"index":"index","follow":"follow","max-snippet":"max-snippet:-1","max-image-preview":"max-image-preview:large","max-video-preview":"max-video-preview:-1"},"canonical":"https:\/\/lekarnici.cz\/de\/","og_locale":"de_DE","og_type":"article","og_title":"Startseite | \u010cesk\u00e1 l\u00e9k\u00e1rnick\u00e1 komora","og_url":"https:\/\/lekarnici.cz\/de\/","og_site_name":"\u010cesk\u00e1 l\u00e9k\u00e1rnick\u00e1 komora","article_modified_time":"2023-03-09T08:14:02+00:00","twitter_card":"summary_large_image","twitter_misc":{"Gesch\u00e4tzte Lesezeit":"7\u00a0Minuten"},"schema":{"@context":"https:\/\/schema.org","@graph":[{"@type":"WebPage","@id":"https:\/\/lekarnici.cz\/de\/","url":"https:\/\/lekarnici.cz\/de\/","name":"Startseite | \u010cesk\u00e1 l\u00e9k\u00e1rnick\u00e1 komora","isPartOf":{"@id":"https:\/\/lekarnici.cz\/de\/#website"},"datePublished":"2023-03-09T08:13:58+00:00","dateModified":"2023-03-09T08:14:02+00:00","breadcrumb":{"@id":"https:\/\/lekarnici.cz\/de\/#breadcrumb"},"inLanguage":"de","potentialAction":[{"@type":"ReadAction","target":["https:\/\/lekarnici.cz\/de\/"]}]},{"@type":"BreadcrumbList","@id":"https:\/\/lekarnici.cz\/de\/#breadcrumb","itemListElement":[{"@type":"ListItem","position":1,"name":"Startseite","item":"https:\/\/lekarnici.cz\/de\/"},{"@type":"ListItem","position":2,"name":"Startseite"}]},{"@type":"WebSite","@id":"https:\/\/lekarnici.cz\/de\/#website","url":"https:\/\/lekarnici.cz\/de\/","name":"\u010cesk\u00e1 l\u00e9k\u00e1rnick\u00e1 komora","description":"\u010cLnK","potentialAction":[{"@type":"SearchAction","target":{"@type":"EntryPoint","urlTemplate":"https:\/\/lekarnici.cz\/de\/?s={search_term_string}"},"query-input":"required name=search_term_string"}],"inLanguage":"de"}]}},"_links":{"self":[{"href":"https:\/\/lekarnici.cz\/de\/wp-json\/wp\/v2\/pages\/64968","targetHints":{"allow":["GET"]}}],"collection":[{"href":"https:\/\/lekarnici.cz\/de\/wp-json\/wp\/v2\/pages"}],"about":[{"href":"https:\/\/lekarnici.cz\/de\/wp-json\/wp\/v2\/types\/page"}],"author":[{"embeddable":true,"href":"https:\/\/lekarnici.cz\/de\/wp-json\/wp\/v2\/users\/11"}],"replies":[{"embeddable":true,"href":"https:\/\/lekarnici.cz\/de\/wp-json\/wp\/v2\/comments?post=64968"}],"version-history":[{"count":5,"href":"https:\/\/lekarnici.cz\/de\/wp-json\/wp\/v2\/pages\/64968\/revisions"}],"predecessor-version":[{"id":64973,"href":"https:\/\/lekarnici.cz\/de\/wp-json\/wp\/v2\/pages\/64968\/revisions\/64973"}],"wp:attachment":[{"href":"https:\/\/lekarnici.cz\/de\/wp-json\/wp\/v2\/media?parent=64968"}],"curies":[{"name":"wp","href":"https:\/\/api.w.org\/{rel}","templated":true}]}}