{"id":64994,"date":"2022-12-09T09:58:21","date_gmt":"2022-12-09T08:58:21","guid":{"rendered":"https:\/\/lekarnici.cz\/informace-o-clnk\/"},"modified":"2023-03-09T13:09:42","modified_gmt":"2023-03-09T12:09:42","slug":"informationen-ueber-die-tschechische-apothekerkammer","status":"publish","type":"page","link":"https:\/\/lekarnici.cz\/de\/informationen-ueber-die-tschechische-apothekerkammer\/","title":{"rendered":"Informationen \u00fcber die Tschechische Apothekerkammer"},"content":{"rendered":"<div class=\"fusion-fullwidth fullwidth-box fusion-builder-row-1 fusion-flex-container has-pattern-background has-mask-background nonhundred-percent-fullwidth non-hundred-percent-height-scrolling\" style=\"--awb-border-radius-top-left:0px;--awb-border-radius-top-right:0px;--awb-border-radius-bottom-right:0px;--awb-border-radius-bottom-left:0px;\" ><div class=\"fusion-builder-row fusion-row fusion-flex-align-items-flex-start\" style=\"max-width:1518.4px;margin-left: calc(-4% \/ 2 );margin-right: calc(-4% \/ 2 );\"><div class=\"fusion-layout-column fusion_builder_column fusion-builder-column-0 fusion_builder_column_1_1 1_1 fusion-flex-column\" style=\"--awb-padding-top:32px;--awb-padding-right:32px;--awb-padding-bottom:32px;--awb-padding-left:32px;--awb-overflow:hidden;--awb-bg-color:var(--awb-custom_color_5);--awb-bg-size:cover;--awb-box-shadow:0px 8px 16px 0px rgba(0,0,0,0.16);;--awb-border-radius:8px 8px 8px 8px;--awb-width-large:100%;--awb-margin-top-large:0px;--awb-spacing-right-large:1.92%;--awb-margin-bottom-large:48px;--awb-spacing-left-large:1.92%;--awb-width-medium:100%;--awb-order-medium:0;--awb-spacing-right-medium:1.92%;--awb-spacing-left-medium:1.92%;--awb-width-small:100%;--awb-order-small:0;--awb-spacing-right-small:1.92%;--awb-spacing-left-small:1.92%;\"><div class=\"fusion-column-wrapper fusion-column-has-shadow fusion-flex-justify-content-flex-start fusion-content-layout-column\"><div class=\"fusion-title title fusion-title-1 fusion-sep-none fusion-title-text fusion-title-size-two\"><h2 class=\"title-heading-left fusion-responsive-typography-calculated\" style=\"margin:0;--fontSize:26;line-height:1.25;\">Grundlegende Informationen \u00fcber die Tschechische Apothekerkammer<\/h2><\/div><div class=\"fusion-text fusion-text-1\"><p>Die Tschechische Apothekerkammer wurde 1991 durch das Gesetz Nr. 220\/1991 Slg. \u00fcber die Tschechische \u00c4rztekammer, die Tschechische Zahn\u00e4rztekammer und die Tschechische Apothekerkammer gegr\u00fcndet. Sie fungiert heute als selbstverwaltete, unpolitische Berufsorganisation, in der Apotheker aus der gesamten Tschechischen Republik zusammengeschlossen sind. Die Tschechische Apothekerkammer agiert als juristische Person.<\/p>\n<p>Die Tschechische Apothekerkammer best\u00e4tigt die Erf\u00fcllung der Voraussetzungen f\u00fcr die Aus\u00fcbung des Apothekerberufs und garantiert so die berufliche Kompetenz ihrer Mitglieder, die sich zudem in diesem Bereich weiterbilden k\u00f6nnen. Sie verteidigt die beruflichen Interessen und Rechte ihrer Mitglieder, sch\u00fctzt ihre Berufsehre und bietet ihnen Rechtsbeistand an.<\/p>\n<p>Jeder Apotheker, der einen Beruf aus\u00fcbt, ist Mitglied der Kammer, und alle Mitglieder werden von der Organisation in die Mitgliederliste eingetragen.<\/p>\n<p>Die Organisation wird von einem Pr\u00e4sidenten geleitet, derzeit Mgr. Ale\u0161 Krebs, Ph.D., geleitet, die Funktion des Vizepr\u00e4sidenten hat PharmDr. Martin Kopeck\u00fd, Ph.D., inne.<\/p>\n<p>Das h\u00f6chste Gremium der Kammer ist die j\u00e4hrlich stattfindende Delegiertenversammlung. Auf ihr werden aktuelle Fragen der Pharmazie behandelt und die Priorit\u00e4ten f\u00fcr die kommende Periode festgelegt. An diesem Kongress nehmen auch gew\u00e4hlte Vertreter der Bezirksapothekerkammer (OSL) teil.<\/p>\n<\/div><\/div><\/div><div class=\"fusion-layout-column fusion_builder_column fusion-builder-column-1 fusion_builder_column_1_1 1_1 fusion-flex-column\" style=\"--awb-padding-top:32px;--awb-padding-right:32px;--awb-padding-bottom:32px;--awb-padding-left:32px;--awb-overflow:hidden;--awb-bg-color:var(--awb-custom_color_5);--awb-bg-size:cover;--awb-box-shadow:0px 8px 16px 0px rgba(0,0,0,0.16);;--awb-border-radius:8px 8px 8px 8px;--awb-width-large:100%;--awb-margin-top-large:0px;--awb-spacing-right-large:1.92%;--awb-margin-bottom-large:48px;--awb-spacing-left-large:1.92%;--awb-width-medium:100%;--awb-order-medium:0;--awb-spacing-right-medium:1.92%;--awb-spacing-left-medium:1.92%;--awb-width-small:100%;--awb-order-small:0;--awb-spacing-right-small:1.92%;--awb-spacing-left-small:1.92%;\"><div class=\"fusion-column-wrapper fusion-column-has-shadow fusion-flex-justify-content-flex-start fusion-content-layout-column\"><div class=\"fusion-title title fusion-title-2 fusion-sep-none fusion-title-text fusion-title-size-two\"><h2 class=\"title-heading-left fusion-responsive-typography-calculated\" style=\"margin:0;--fontSize:26;line-height:1.25;\">Mitgliedschaften in internationalen Organisationen<\/h2><\/div><div class=\"fusion-text fusion-text-2\"><p>1997 wurde die tschechische Apothekerkammer Mitglied der Europ\u00e4ischen Apothekerunion (PGEU) mit Sitz in Br\u00fcssel. Die PGEU ist ein Zusammenschluss von Berufsverb\u00e4nden aus 32 europ\u00e4ischen L\u00e4ndern. Die PGEU vertritt mehr als 400.000 \u00f6ffentliche Apotheker, die f\u00fcr die pharmazeutische Versorgung von 500 Millionen Patienten zust\u00e4ndig sind.<\/p>\n<p>Seit 2008 ist ein Vertreter der tschechischen Apothekerkammer im PGEU-Exekutivausschuss vertreten. 2011 wurde der damalige Pr\u00e4sident der tschechischen Apothekerkammer, PharmDr. Stanislav Havlicek, zum Vizepr\u00e4sidenten der PGEU gew\u00e4hlt.<\/p>\n<\/div><\/div><\/div><div class=\"fusion-layout-column fusion_builder_column fusion-builder-column-2 fusion_builder_column_1_1 1_1 fusion-flex-column\" style=\"--awb-padding-top:32px;--awb-padding-right:32px;--awb-padding-bottom:32px;--awb-padding-left:32px;--awb-overflow:hidden;--awb-bg-color:var(--awb-custom_color_5);--awb-bg-size:cover;--awb-box-shadow:0px 8px 16px 0px rgba(0,0,0,0.16);;--awb-border-radius:8px 8px 8px 8px;--awb-width-large:100%;--awb-margin-top-large:0px;--awb-spacing-right-large:1.92%;--awb-margin-bottom-large:0px;--awb-spacing-left-large:1.92%;--awb-width-medium:100%;--awb-order-medium:0;--awb-spacing-right-medium:1.92%;--awb-spacing-left-medium:1.92%;--awb-width-small:100%;--awb-order-small:0;--awb-spacing-right-small:1.92%;--awb-spacing-left-small:1.92%;\"><div class=\"fusion-column-wrapper fusion-column-has-shadow fusion-flex-justify-content-flex-start fusion-content-layout-column\"><div class=\"fusion-builder-row fusion-builder-row-inner fusion-row fusion-flex-align-items-flex-start\" style=\"width:104% !important;max-width:104% !important;margin-left: calc(-4% \/ 2 );margin-right: calc(-4% \/ 2 );\"><div class=\"fusion-layout-column fusion_builder_column_inner fusion-builder-nested-column-0 fusion_builder_column_inner_2_3 2_3 fusion-flex-column\" style=\"--awb-bg-size:cover;--awb-width-large:66.666666666667%;--awb-margin-top-large:0px;--awb-spacing-right-large:2.88%;--awb-margin-bottom-large:0px;--awb-spacing-left-large:2.88%;--awb-width-medium:66.666666666667%;--awb-order-medium:0;--awb-spacing-right-medium:2.88%;--awb-spacing-left-medium:2.88%;--awb-width-small:100%;--awb-order-small:0;--awb-spacing-right-small:1.92%;--awb-spacing-left-small:1.92%;\"><div class=\"fusion-column-wrapper fusion-column-has-shadow fusion-flex-justify-content-flex-start fusion-content-layout-column\"><div class=\"fusion-title title fusion-title-3 fusion-sep-none fusion-title-text fusion-title-size-two\"><h2 class=\"title-heading-left fusion-responsive-typography-calculated\" style=\"margin:0;--fontSize:26;line-height:1.25;\">Das Apotheken-Emblem und seine Verwendung<\/h2><\/div><div class=\"fusion-text fusion-text-3\"><p>Der Autor dieses Emblems ist ing. arch. Michal Fla\u0161ar, CSc., das Werk ist durch das Urheberrecht gesch\u00fctzt. Die Grunds\u00e4tze f\u00fcr die Verwendung dieses Emblems wurden vom III. Delegiertenkongress im Jahr 1993 genehmigt.<\/p>\n<p>Das Apotheken-Emblem wird sowohl von der Tschechischen Apothekerkammer als auch von den Apotheken zur einheitlichen Kennzeichnung ihrer Einrichtungen verwendet, wobei das Emblem ausschlie\u00dflich von einem der zugelassenen Hersteller von Apothekenkreuzen hergestellt werden darf. Die Apotheken d\u00fcrfen das Emblem auch auf ihren Werbeartikeln verwenden, allerdings nicht zu direkten Werbezwecken. Das Emblem wird auch von der Apothekenakademie und der Zeitschrift der tschechischen Apotheker verwendet. F\u00fcr andere Zwecke darf das Emblem nur nach Genehmigung durch die Tschechische Apothekerkammer und nach Abschluss eines Vertrags mit dem Urheber verwendet werden.<\/p>\n<p>Das Emblem darf in keiner Weise modifiziert oder ver\u00e4ndert werden, und seine unbefugte Verwendung ist nach den gesetzlichen Bestimmungen der Tschechischen Republik strafbar.<\/p>\n<p>Bei Fragen zur Verwendung des Emblems k\u00f6nnen Sie sich direkt an Herrn Ing. arch. Michal Fla\u0161ar, CSc.<\/p>\n<p>Ing. arch. Michal Fla\u0161ar, CSc.<br \/>\nVor\u0161ilsk\u00e1 3<br \/>\n110&nbsp;08 Prag 1<br \/>\nTel.\/Fax. 224&nbsp;931&nbsp;148<br \/>\nE-Mail: <a href=\"mailto:flasar@flasar.cz\">flasar@flasar.cz<\/a><\/p>\n<\/div><\/div><\/div><div class=\"fusion-layout-column fusion_builder_column_inner fusion-builder-nested-column-1 fusion_builder_column_inner_1_3 1_3 fusion-flex-column\" style=\"--awb-bg-size:cover;--awb-width-large:33.333333333333%;--awb-margin-top-large:0px;--awb-spacing-right-large:5.76%;--awb-margin-bottom-large:0px;--awb-spacing-left-large:5.76%;--awb-width-medium:33.333333333333%;--awb-order-medium:0;--awb-spacing-right-medium:5.76%;--awb-spacing-left-medium:5.76%;--awb-width-small:100%;--awb-order-small:0;--awb-spacing-right-small:1.92%;--awb-spacing-left-small:1.92%;\"><div class=\"fusion-column-wrapper fusion-column-has-shadow fusion-flex-justify-content-flex-start fusion-content-layout-column\"><div class=\"fusion-image-element \" style=\"text-align:center;--awb-margin-top:64px;--awb-margin-top-small:32px;--awb-margin-bottom-small:32px;--awb-max-width:60%;--awb-caption-title-size:var(--h2_typography-font-size);--awb-caption-title-transform:var(--h2_typography-text-transform);--awb-caption-title-line-height:var(--h2_typography-line-height);--awb-caption-title-letter-spacing:var(--h2_typography-letter-spacing);\"><span class=\" fusion-imageframe imageframe-none imageframe-1 hover-type-none\"><img decoding=\"async\" width=\"1417\" height=\"1396\" title=\"znak-CLnK\" src=\"https:\/\/lekarnici.cz\/wp-content\/uploads\/2022\/12\/znak-CLnK.jpg\" alt class=\"img-responsive wp-image-44042\" srcset=\"https:\/\/lekarnici.cz\/wp-content\/uploads\/2022\/12\/znak-CLnK-200x197.jpg 200w, https:\/\/lekarnici.cz\/wp-content\/uploads\/2022\/12\/znak-CLnK-400x394.jpg 400w, https:\/\/lekarnici.cz\/wp-content\/uploads\/2022\/12\/znak-CLnK-600x591.jpg 600w, https:\/\/lekarnici.cz\/wp-content\/uploads\/2022\/12\/znak-CLnK-800x788.jpg 800w, https:\/\/lekarnici.cz\/wp-content\/uploads\/2022\/12\/znak-CLnK-1200x1182.jpg 1200w, https:\/\/lekarnici.cz\/wp-content\/uploads\/2022\/12\/znak-CLnK.jpg 1417w\" sizes=\"(max-width: 640px) 100vw, 600px\" \/><\/span><\/div><\/div><\/div><\/div><div class=\"fusion-builder-row fusion-builder-row-inner fusion-row fusion-flex-align-items-flex-start\" style=\"width:104% !important;max-width:104% !important;margin-left: calc(-4% \/ 2 );margin-right: calc(-4% \/ 2 );\"><div class=\"fusion-layout-column fusion_builder_column_inner fusion-builder-nested-column-2 fusion_builder_column_inner_1_3 1_3 fusion-flex-column\" style=\"--awb-bg-size:cover;--awb-width-large:33.333333333333%;--awb-margin-top-large:0px;--awb-spacing-right-large:5.76%;--awb-margin-bottom-large:24px;--awb-spacing-left-large:5.76%;--awb-width-medium:50%;--awb-order-medium:0;--awb-spacing-right-medium:3.84%;--awb-spacing-left-medium:3.84%;--awb-width-small:100%;--awb-order-small:0;--awb-spacing-right-small:1.92%;--awb-spacing-left-small:1.92%;\"><div class=\"fusion-column-wrapper fusion-column-has-shadow fusion-flex-justify-content-flex-start fusion-content-layout-column\"><div class=\"fusion-title title fusion-title-4 fusion-sep-none fusion-title-text fusion-title-size-four\"><h4 class=\"title-heading-left fusion-responsive-typography-calculated\" style=\"margin:0;--fontSize:20;--minFontSize:20;line-height:var(--awb-typography1-line-height);\">Pavel Urda, Schl\u00fcsseldienstleistungen<\/h4><\/div><div class=\"fusion-text fusion-text-4\"><p>Svolinsk\u00e9ho 118\/72, 779&nbsp;00 Olomouc \u2013 Lo\u0161ov<br \/>\nTel.: 00420-606705001<br \/>\nE-Mail: <a href=\"mailto:urda.pavel@seznam.cz\">urda.pavel@seznam.cz<\/a><br \/>\n<a href=\"http:\/\/www.kovo-urda.cz\" target=\"_blank\" rel=\"noopener\">www.kovo-urda.cz<\/a><\/p>\n<\/div><\/div><\/div><div class=\"fusion-layout-column fusion_builder_column_inner fusion-builder-nested-column-3 fusion_builder_column_inner_1_3 1_3 fusion-flex-column\" style=\"--awb-bg-size:cover;--awb-width-large:33.333333333333%;--awb-margin-top-large:0px;--awb-spacing-right-large:5.76%;--awb-margin-bottom-large:24px;--awb-spacing-left-large:5.76%;--awb-width-medium:50%;--awb-order-medium:0;--awb-spacing-right-medium:3.84%;--awb-spacing-left-medium:3.84%;--awb-width-small:100%;--awb-order-small:0;--awb-spacing-right-small:1.92%;--awb-spacing-left-small:1.92%;\"><div class=\"fusion-column-wrapper fusion-column-has-shadow fusion-flex-justify-content-flex-start fusion-content-layout-column\"><div class=\"fusion-title title fusion-title-5 fusion-sep-none fusion-title-text fusion-title-size-four\"><h4 class=\"title-heading-left fusion-responsive-typography-calculated\" style=\"margin:0;--fontSize:20;--minFontSize:20;line-height:var(--awb-typography1-line-height);\">ELEKTRO DRAPA\u010c s.r.o.<\/h4><\/div><div class=\"fusion-text fusion-text-5\"><p>\u017d\u010f\u00e1reck\u00e1 177, 549&nbsp;32 Velk\u00e9 Po\u0159\u00ed\u010d\u00ed<br \/>\n<strong>Niederlassung Prag<br \/>\nGutova 3317\/15, 100&nbsp;00 Praha 10 &#8211; Stra\u0161nice<\/strong><br \/>\nTel.: 724&nbsp;066&nbsp;306<br \/>\nTel.: 491&nbsp;482&nbsp;500<br \/>\nE-Mail: <a href=\"mailto:eldr@eldr.cz\">eldr@eldr.cz<\/a><br \/>\n<a href=\"http:\/\/www.eldr.cz\" target=\"_blank\" rel=\"noopener\">http:\/\/www.eldr.cz<\/a><\/p>\n<\/div><\/div><\/div><div class=\"fusion-layout-column fusion_builder_column_inner fusion-builder-nested-column-4 fusion_builder_column_inner_1_3 1_3 fusion-flex-column\" style=\"--awb-bg-size:cover;--awb-width-large:33.333333333333%;--awb-margin-top-large:0px;--awb-spacing-right-large:5.76%;--awb-margin-bottom-large:24px;--awb-spacing-left-large:5.76%;--awb-width-medium:50%;--awb-order-medium:0;--awb-spacing-right-medium:3.84%;--awb-spacing-left-medium:3.84%;--awb-width-small:100%;--awb-order-small:0;--awb-spacing-right-small:1.92%;--awb-spacing-left-small:1.92%;\"><div class=\"fusion-column-wrapper fusion-column-has-shadow fusion-flex-justify-content-flex-start fusion-content-layout-column\"><div class=\"fusion-title title fusion-title-6 fusion-sep-none fusion-title-text fusion-title-size-four\"><h4 class=\"title-heading-left fusion-responsive-typography-calculated\" style=\"margin:0;--fontSize:20;--minFontSize:20;line-height:var(--awb-typography1-line-height);\">MOOS s.r.o.<\/h4><\/div><div class=\"fusion-text fusion-text-6\"><p>Vertreten durch Ing. Petr Moul\u00edk<br \/>\nOse\u010dany 90, 264&nbsp;01, Sedl\u010dany<br \/>\nTel.: 318&nbsp;864&nbsp;270, Fax : 318&nbsp;86614<br \/>\nB\u00fcro Praha Branick\u00e1 93, 147&nbsp;00, Praha 4<br \/>\nTel.: 244468225, Fax: 244468282<br \/>\nE-Mail: <a href=\"mailto:moos@moos.cz\">moos@moos.cz<\/a><br \/>\n<a href=\"http:\/\/www.moos.cz\" target=\"_blank\" rel=\"noopener\">www.moos.cz<\/a><\/p>\n<\/div><\/div><\/div><div class=\"fusion-layout-column fusion_builder_column_inner fusion-builder-nested-column-5 fusion_builder_column_inner_1_3 1_3 fusion-flex-column\" style=\"--awb-bg-size:cover;--awb-width-large:33.333333333333%;--awb-margin-top-large:0px;--awb-spacing-right-large:5.76%;--awb-margin-bottom-large:0px;--awb-spacing-left-large:5.76%;--awb-width-medium:50%;--awb-order-medium:0;--awb-spacing-right-medium:3.84%;--awb-margin-bottom-medium:24px;--awb-spacing-left-medium:3.84%;--awb-width-small:100%;--awb-order-small:0;--awb-spacing-right-small:1.92%;--awb-spacing-left-small:1.92%;\"><div class=\"fusion-column-wrapper fusion-column-has-shadow fusion-flex-justify-content-flex-start fusion-content-layout-column\"><div class=\"fusion-title title fusion-title-7 fusion-sep-none fusion-title-text fusion-title-size-four\"><h4 class=\"title-heading-left fusion-responsive-typography-calculated\" style=\"margin:0;--fontSize:20;--minFontSize:20;line-height:var(--awb-typography1-line-height);\">Akrylux s.r.o.<\/h4><\/div><div class=\"fusion-text fusion-text-7\"><p>vertreten durch den gesch\u00e4ftsf\u00fchrenden Direktor Jarmil Hr\u016fza<br \/>\nBen\u00e1tky nad Jizerou, M\u011blnick\u00e1 30, okres Mlad\u00e1 Boleslav, 294&nbsp;71<br \/>\nI\u010c 25794019<\/p>\n<\/div><\/div><\/div><div class=\"fusion-layout-column fusion_builder_column_inner fusion-builder-nested-column-6 fusion_builder_column_inner_1_3 1_3 fusion-flex-column\" style=\"--awb-bg-size:cover;--awb-width-large:33.333333333333%;--awb-margin-top-large:0px;--awb-spacing-right-large:5.76%;--awb-margin-bottom-large:0px;--awb-spacing-left-large:5.76%;--awb-width-medium:50%;--awb-order-medium:0;--awb-spacing-right-medium:3.84%;--awb-spacing-left-medium:3.84%;--awb-width-small:100%;--awb-order-small:0;--awb-spacing-right-small:1.92%;--awb-margin-bottom-small:24px;--awb-spacing-left-small:1.92%;\"><div class=\"fusion-column-wrapper fusion-column-has-shadow fusion-flex-justify-content-flex-start fusion-content-layout-column\"><div class=\"fusion-title title fusion-title-8 fusion-sep-none fusion-title-text fusion-title-size-four\"><h4 class=\"title-heading-left fusion-responsive-typography-calculated\" style=\"margin:0;--fontSize:20;--minFontSize:20;line-height:var(--awb-typography1-line-height);\">GSP SIGN DESIGN s.r.o.<\/h4><\/div><div class=\"fusion-text fusion-text-8\"><p>vertreten durch den gesch\u00e4ftsf\u00fchrenden Direktor Kate\u0159ia Hr\u016fzov\u00e1<br \/>\nBen\u00e1tky nad Jizerou II, Pr\u016fmyslov\u00e1 1007, 294&nbsp;71<br \/>\nI\u010c 267&nbsp;40&nbsp;923<\/p>\n<\/div><\/div><\/div><div class=\"fusion-layout-column fusion_builder_column_inner fusion-builder-nested-column-7 fusion_builder_column_inner_1_3 1_3 fusion-flex-column\" style=\"--awb-bg-size:cover;--awb-width-large:33.333333333333%;--awb-margin-top-large:0px;--awb-spacing-right-large:5.76%;--awb-margin-bottom-large:0px;--awb-spacing-left-large:5.76%;--awb-width-medium:33.333333333333%;--awb-order-medium:0;--awb-spacing-right-medium:5.76%;--awb-spacing-left-medium:5.76%;--awb-width-small:100%;--awb-order-small:0;--awb-spacing-right-small:1.92%;--awb-spacing-left-small:1.92%;\"><div class=\"fusion-column-wrapper fusion-column-has-shadow fusion-flex-justify-content-flex-start fusion-content-layout-column\"><div class=\"fusion-title title fusion-title-9 fusion-sep-none fusion-title-text fusion-title-size-four\"><h4 class=\"title-heading-left fusion-responsive-typography-calculated\" style=\"margin:0;--fontSize:20;--minFontSize:20;line-height:var(--awb-typography1-line-height);\">Azuro, s.r.o. \u2013 Produktion von Werbung<\/h4><\/div><div class=\"fusion-text fusion-text-9\"><p>\u017dlutick\u00e1 9, 323&nbsp;00 Plze\u0148<br \/>\nI\u010c: 45358443<br \/>\nTel: 377&nbsp;523&nbsp;358<br \/>\nE-Mail: <a href=\"mailto:vyroba@azuro.cz\">vyroba@azuro.cz<\/a><br \/>\n<a href=\"http:\/\/www.azuro.cz\" target=\"_blank\" rel=\"noopener\">www.azuro.cz<\/a><br \/>\n<a href=\"http:\/\/www.hotovereklamy.cz\" target=\"_blank\" rel=\"noopener\">www.hotovereklamy.cz<\/a><\/p>\n<\/div><\/div><\/div><\/div><\/div><\/div><\/div><\/div>\n","protected":false},"excerpt":{"rendered":"","protected":false},"author":11,"featured_media":0,"parent":0,"menu_order":0,"comment_status":"closed","ping_status":"closed","template":"100-width.php","meta":{"_bbp_topic_count":0,"_bbp_reply_count":0,"_bbp_total_topic_count":0,"_bbp_total_reply_count":0,"_bbp_voice_count":0,"_bbp_anonymous_reply_count":0,"_bbp_topic_count_hidden":0,"_bbp_reply_count_hidden":0,"_bbp_forum_subforum_count":0,"footnotes":"","_expiration-date-status":"","_expiration-date":0,"_expiration-date-type":"","_expiration-date-categories":[],"_expiration-date-options":[]},"class_list":["post-64994","page","type-page","status-publish","hentry"],"acf":[],"yoast_head":"<!-- This site is optimized with the Yoast SEO plugin v20.8 - https:\/\/yoast.com\/wordpress\/plugins\/seo\/ -->\n<title>Informationen \u00fcber die Tschechische Apothekerkammer | \u010cesk\u00e1 l\u00e9k\u00e1rnick\u00e1 komora<\/title>\n<meta name=\"robots\" content=\"index, follow, max-snippet:-1, max-image-preview:large, max-video-preview:-1\" \/>\n<link rel=\"canonical\" href=\"https:\/\/lekarnici.cz\/de\/informationen-ueber-die-tschechische-apothekerkammer\/\" \/>\n<meta property=\"og:locale\" content=\"de_DE\" \/>\n<meta property=\"og:type\" content=\"article\" \/>\n<meta property=\"og:title\" content=\"Informationen \u00fcber die Tschechische Apothekerkammer | \u010cesk\u00e1 l\u00e9k\u00e1rnick\u00e1 komora\" \/>\n<meta property=\"og:url\" content=\"https:\/\/lekarnici.cz\/de\/informationen-ueber-die-tschechische-apothekerkammer\/\" \/>\n<meta property=\"og:site_name\" content=\"\u010cesk\u00e1 l\u00e9k\u00e1rnick\u00e1 komora\" \/>\n<meta property=\"article:modified_time\" content=\"2023-03-09T12:09:42+00:00\" \/>\n<meta name=\"twitter:card\" content=\"summary_large_image\" \/>\n<meta name=\"twitter:label1\" content=\"Gesch\u00e4tzte Lesezeit\" \/>\n\t<meta name=\"twitter:data1\" content=\"18\u00a0Minuten\" \/>\n<script type=\"application\/ld+json\" class=\"yoast-schema-graph\">{\"@context\":\"https:\/\/schema.org\",\"@graph\":[{\"@type\":\"WebPage\",\"@id\":\"https:\/\/lekarnici.cz\/de\/informationen-ueber-die-tschechische-apothekerkammer\/\",\"url\":\"https:\/\/lekarnici.cz\/de\/informationen-ueber-die-tschechische-apothekerkammer\/\",\"name\":\"Informationen \u00fcber die Tschechische Apothekerkammer | \u010cesk\u00e1 l\u00e9k\u00e1rnick\u00e1 komora\",\"isPartOf\":{\"@id\":\"https:\/\/lekarnici.cz\/de\/#website\"},\"datePublished\":\"2022-12-09T08:58:21+00:00\",\"dateModified\":\"2023-03-09T12:09:42+00:00\",\"breadcrumb\":{\"@id\":\"https:\/\/lekarnici.cz\/de\/informationen-ueber-die-tschechische-apothekerkammer\/#breadcrumb\"},\"inLanguage\":\"de\",\"potentialAction\":[{\"@type\":\"ReadAction\",\"target\":[\"https:\/\/lekarnici.cz\/de\/informationen-ueber-die-tschechische-apothekerkammer\/\"]}]},{\"@type\":\"BreadcrumbList\",\"@id\":\"https:\/\/lekarnici.cz\/de\/informationen-ueber-die-tschechische-apothekerkammer\/#breadcrumb\",\"itemListElement\":[{\"@type\":\"ListItem\",\"position\":1,\"name\":\"Startseite\",\"item\":\"https:\/\/lekarnici.cz\/de\/\"},{\"@type\":\"ListItem\",\"position\":2,\"name\":\"Informationen \u00fcber die Tschechische Apothekerkammer\"}]},{\"@type\":\"WebSite\",\"@id\":\"https:\/\/lekarnici.cz\/de\/#website\",\"url\":\"https:\/\/lekarnici.cz\/de\/\",\"name\":\"\u010cesk\u00e1 l\u00e9k\u00e1rnick\u00e1 komora\",\"description\":\"\u010cLnK\",\"potentialAction\":[{\"@type\":\"SearchAction\",\"target\":{\"@type\":\"EntryPoint\",\"urlTemplate\":\"https:\/\/lekarnici.cz\/de\/?s={search_term_string}\"},\"query-input\":\"required name=search_term_string\"}],\"inLanguage\":\"de\"}]}<\/script>\n<!-- \/ Yoast SEO plugin. -->","yoast_head_json":{"title":"Informationen \u00fcber die Tschechische Apothekerkammer | \u010cesk\u00e1 l\u00e9k\u00e1rnick\u00e1 komora","robots":{"index":"index","follow":"follow","max-snippet":"max-snippet:-1","max-image-preview":"max-image-preview:large","max-video-preview":"max-video-preview:-1"},"canonical":"https:\/\/lekarnici.cz\/de\/informationen-ueber-die-tschechische-apothekerkammer\/","og_locale":"de_DE","og_type":"article","og_title":"Informationen \u00fcber die Tschechische Apothekerkammer | \u010cesk\u00e1 l\u00e9k\u00e1rnick\u00e1 komora","og_url":"https:\/\/lekarnici.cz\/de\/informationen-ueber-die-tschechische-apothekerkammer\/","og_site_name":"\u010cesk\u00e1 l\u00e9k\u00e1rnick\u00e1 komora","article_modified_time":"2023-03-09T12:09:42+00:00","twitter_card":"summary_large_image","twitter_misc":{"Gesch\u00e4tzte Lesezeit":"18\u00a0Minuten"},"schema":{"@context":"https:\/\/schema.org","@graph":[{"@type":"WebPage","@id":"https:\/\/lekarnici.cz\/de\/informationen-ueber-die-tschechische-apothekerkammer\/","url":"https:\/\/lekarnici.cz\/de\/informationen-ueber-die-tschechische-apothekerkammer\/","name":"Informationen \u00fcber die Tschechische Apothekerkammer | \u010cesk\u00e1 l\u00e9k\u00e1rnick\u00e1 komora","isPartOf":{"@id":"https:\/\/lekarnici.cz\/de\/#website"},"datePublished":"2022-12-09T08:58:21+00:00","dateModified":"2023-03-09T12:09:42+00:00","breadcrumb":{"@id":"https:\/\/lekarnici.cz\/de\/informationen-ueber-die-tschechische-apothekerkammer\/#breadcrumb"},"inLanguage":"de","potentialAction":[{"@type":"ReadAction","target":["https:\/\/lekarnici.cz\/de\/informationen-ueber-die-tschechische-apothekerkammer\/"]}]},{"@type":"BreadcrumbList","@id":"https:\/\/lekarnici.cz\/de\/informationen-ueber-die-tschechische-apothekerkammer\/#breadcrumb","itemListElement":[{"@type":"ListItem","position":1,"name":"Startseite","item":"https:\/\/lekarnici.cz\/de\/"},{"@type":"ListItem","position":2,"name":"Informationen \u00fcber die Tschechische Apothekerkammer"}]},{"@type":"WebSite","@id":"https:\/\/lekarnici.cz\/de\/#website","url":"https:\/\/lekarnici.cz\/de\/","name":"\u010cesk\u00e1 l\u00e9k\u00e1rnick\u00e1 komora","description":"\u010cLnK","potentialAction":[{"@type":"SearchAction","target":{"@type":"EntryPoint","urlTemplate":"https:\/\/lekarnici.cz\/de\/?s={search_term_string}"},"query-input":"required name=search_term_string"}],"inLanguage":"de"}]}},"_links":{"self":[{"href":"https:\/\/lekarnici.cz\/de\/wp-json\/wp\/v2\/pages\/64994","targetHints":{"allow":["GET"]}}],"collection":[{"href":"https:\/\/lekarnici.cz\/de\/wp-json\/wp\/v2\/pages"}],"about":[{"href":"https:\/\/lekarnici.cz\/de\/wp-json\/wp\/v2\/types\/page"}],"author":[{"embeddable":true,"href":"https:\/\/lekarnici.cz\/de\/wp-json\/wp\/v2\/users\/11"}],"replies":[{"embeddable":true,"href":"https:\/\/lekarnici.cz\/de\/wp-json\/wp\/v2\/comments?post=64994"}],"version-history":[{"count":3,"href":"https:\/\/lekarnici.cz\/de\/wp-json\/wp\/v2\/pages\/64994\/revisions"}],"predecessor-version":[{"id":64997,"href":"https:\/\/lekarnici.cz\/de\/wp-json\/wp\/v2\/pages\/64994\/revisions\/64997"}],"wp:attachment":[{"href":"https:\/\/lekarnici.cz\/de\/wp-json\/wp\/v2\/media?parent=64994"}],"curies":[{"name":"wp","href":"https:\/\/api.w.org\/{rel}","templated":true}]}}