{"id":64941,"date":"2022-12-09T09:58:21","date_gmt":"2022-12-09T08:58:21","guid":{"rendered":"https:\/\/lekarnici.cz\/informace-o-clnk\/"},"modified":"2023-03-07T12:33:07","modified_gmt":"2023-03-07T11:33:07","slug":"information-about-the-czech-chamber-of-pharmacists","status":"publish","type":"page","link":"https:\/\/lekarnici.cz\/en\/information-about-the-czech-chamber-of-pharmacists\/","title":{"rendered":"Information about the Czech Chamber of Pharmacists"},"content":{"rendered":"<div class=\"fusion-fullwidth fullwidth-box fusion-builder-row-1 fusion-flex-container has-pattern-background has-mask-background nonhundred-percent-fullwidth non-hundred-percent-height-scrolling\" style=\"--awb-border-radius-top-left:0px;--awb-border-radius-top-right:0px;--awb-border-radius-bottom-right:0px;--awb-border-radius-bottom-left:0px;\" ><div class=\"fusion-builder-row fusion-row fusion-flex-align-items-flex-start\" style=\"max-width:1518.4px;margin-left: calc(-4% \/ 2 );margin-right: calc(-4% \/ 2 );\"><div class=\"fusion-layout-column fusion_builder_column fusion-builder-column-0 fusion_builder_column_1_1 1_1 fusion-flex-column\" style=\"--awb-padding-top:32px;--awb-padding-right:32px;--awb-padding-bottom:32px;--awb-padding-left:32px;--awb-overflow:hidden;--awb-bg-color:var(--awb-custom_color_5);--awb-bg-size:cover;--awb-box-shadow:0px 8px 16px 0px rgba(0,0,0,0.16);;--awb-border-radius:8px 8px 8px 8px;--awb-width-large:100%;--awb-margin-top-large:0px;--awb-spacing-right-large:1.92%;--awb-margin-bottom-large:48px;--awb-spacing-left-large:1.92%;--awb-width-medium:100%;--awb-order-medium:0;--awb-spacing-right-medium:1.92%;--awb-spacing-left-medium:1.92%;--awb-width-small:100%;--awb-order-small:0;--awb-spacing-right-small:1.92%;--awb-spacing-left-small:1.92%;\"><div class=\"fusion-column-wrapper fusion-column-has-shadow fusion-flex-justify-content-flex-start fusion-content-layout-column\"><div class=\"fusion-title title fusion-title-1 fusion-sep-none fusion-title-text fusion-title-size-two\"><h2 class=\"title-heading-left fusion-responsive-typography-calculated\" style=\"margin:0;--fontSize:26;line-height:1.25;\">Basic information about the Czech Chamber of Pharmacists<\/h2><\/div><div class=\"fusion-text fusion-text-1\"><p>The Czech Chamber of Pharmacists was established in 1991 by Czech National Council Act No. 220\/1991 Coll, on the Czech Medical Chamber, the Czech Stomatological Chamber, and the Czech Chamber of Pharmacists. It now functions as a&nbsp;self-governing non-political status organization that brings together pharmacists throughout the Czech Republic. The Czech Chamber of Pharmacy acts as a&nbsp;legal entity.<\/p>\n<p>The Czech Chamber of Pharmacists meets the conditions for practicing the profession of pharmacy and thus guarantees the expertise of its members, in addition to providing them with further professional training in the field. It defends the professional interests and rights of its members, protects their professional honor, as well as providing them with legal assistance.<\/p>\n<p>The chamber members are professionals performing pharmacy activities and are registered in the list of members by the organization.<\/p>\n<p>The head of this organization is the president Mgr. Ale\u0161 Krebs, Ph.D., the role of vice president is now held by PharmDr. Martin Kopeck\u00fd, Ph.D.<\/p>\n<p>The highest body of the chamber is the annual congress of delegates. There are presented current problems and set priorities for the following period. This convention is attended by elected representatives of the District Association of Pharmacists (OSL).<\/p>\n<\/div><\/div><\/div><div class=\"fusion-layout-column fusion_builder_column fusion-builder-column-1 fusion_builder_column_1_1 1_1 fusion-flex-column\" style=\"--awb-padding-top:32px;--awb-padding-right:32px;--awb-padding-bottom:32px;--awb-padding-left:32px;--awb-overflow:hidden;--awb-bg-color:var(--awb-custom_color_5);--awb-bg-size:cover;--awb-box-shadow:0px 8px 16px 0px rgba(0,0,0,0.16);;--awb-border-radius:8px 8px 8px 8px;--awb-width-large:100%;--awb-margin-top-large:0px;--awb-spacing-right-large:1.92%;--awb-margin-bottom-large:48px;--awb-spacing-left-large:1.92%;--awb-width-medium:100%;--awb-order-medium:0;--awb-spacing-right-medium:1.92%;--awb-spacing-left-medium:1.92%;--awb-width-small:100%;--awb-order-small:0;--awb-spacing-right-small:1.92%;--awb-spacing-left-small:1.92%;\"><div class=\"fusion-column-wrapper fusion-column-has-shadow fusion-flex-justify-content-flex-start fusion-content-layout-column\"><div class=\"fusion-title title fusion-title-2 fusion-sep-none fusion-title-text fusion-title-size-two\"><h2 class=\"title-heading-left fusion-responsive-typography-calculated\" style=\"margin:0;--fontSize:26;line-height:1.25;\">Membership in international organizations<\/h2><\/div><div class=\"fusion-text fusion-text-2\"><p>In 1997, the Czech Chamber of Pharmacists became a&nbsp;member of the European Union of Pharmacists (PGEU), based in Brussels. PGEU is an association bringing together professional organizations from a&nbsp;total of 32 European countries. The PGEU represents more than 400,000 public pharmacists, representing pharmacy care for 500 million patients.<\/p>\n<p>Since 2008, a&nbsp;representative of the Czech Chamber of Pharmacists has been working on the executive committee of the PGEU. For the year 2011, the then president of the Czech Chamber of Pharmacists, PharmDr. Stanislav Havl\u00ed\u010dek, elected vice president of PGEU.<\/p>\n<\/div><\/div><\/div><div class=\"fusion-layout-column fusion_builder_column fusion-builder-column-2 fusion_builder_column_1_1 1_1 fusion-flex-column\" style=\"--awb-padding-top:32px;--awb-padding-right:32px;--awb-padding-bottom:32px;--awb-padding-left:32px;--awb-overflow:hidden;--awb-bg-color:var(--awb-custom_color_5);--awb-bg-size:cover;--awb-box-shadow:0px 8px 16px 0px rgba(0,0,0,0.16);;--awb-border-radius:8px 8px 8px 8px;--awb-width-large:100%;--awb-margin-top-large:0px;--awb-spacing-right-large:1.92%;--awb-margin-bottom-large:0px;--awb-spacing-left-large:1.92%;--awb-width-medium:100%;--awb-order-medium:0;--awb-spacing-right-medium:1.92%;--awb-spacing-left-medium:1.92%;--awb-width-small:100%;--awb-order-small:0;--awb-spacing-right-small:1.92%;--awb-spacing-left-small:1.92%;\"><div class=\"fusion-column-wrapper fusion-column-has-shadow fusion-flex-justify-content-flex-start fusion-content-layout-column\"><div class=\"fusion-builder-row fusion-builder-row-inner fusion-row fusion-flex-align-items-flex-start\" style=\"width:104% !important;max-width:104% !important;margin-left: calc(-4% \/ 2 );margin-right: calc(-4% \/ 2 );\"><div class=\"fusion-layout-column fusion_builder_column_inner fusion-builder-nested-column-0 fusion_builder_column_inner_2_3 2_3 fusion-flex-column\" style=\"--awb-bg-size:cover;--awb-width-large:66.666666666667%;--awb-margin-top-large:0px;--awb-spacing-right-large:2.88%;--awb-margin-bottom-large:0px;--awb-spacing-left-large:2.88%;--awb-width-medium:66.666666666667%;--awb-order-medium:0;--awb-spacing-right-medium:2.88%;--awb-spacing-left-medium:2.88%;--awb-width-small:100%;--awb-order-small:0;--awb-spacing-right-small:1.92%;--awb-spacing-left-small:1.92%;\"><div class=\"fusion-column-wrapper fusion-column-has-shadow fusion-flex-justify-content-flex-start fusion-content-layout-column\"><div class=\"fusion-title title fusion-title-3 fusion-sep-none fusion-title-text fusion-title-size-two\"><h2 class=\"title-heading-left fusion-responsive-typography-calculated\" style=\"margin:0;--fontSize:26;line-height:1.25;\">Pharmacy symbol and its use<\/h2><\/div><div class=\"fusion-text fusion-text-3\"><p>The author of this symbol is Michal Fla\u0161ar, CSc., the work is protected by copyright law. The principles for the use of this emblem were approved by III. convention of delegates in 1993.<\/p>\n<p>The pharmacy symbol is used by both the Czech Chamber of Pharmacists and Pharmacies to uniformly mark their establishments, while the symbol must be produced exclusively by one of the authorized manufacturers of pharmacy crosses. The pharmacies are allowed to use the emblem on their promotional items, but not for direct promotional purposes. The symbol is also used by the Pharmacy Academy and the Journal of Czech Pharmacists. The logo may be used for other purposes only after approval by the Czech Chamber of Pharmacy and subsequent conclusion of a&nbsp;contract with its author.<\/p>\n<p>The logo is not allowed to be modified or changed in any way, and its unauthorized use will be punished according to the legal system of the Czech Republic.<\/p>\n<p>In case of any questions regarding the use of the symbol, it is possible to contact Mr. Ing. arch. Michal Fla\u0161ar, CSc.<\/p>\n<p>Ing. arch. Michal Fla\u0161ar, CSc.<br \/>Vor\u0161ilsk\u00e1 3<br \/>110&nbsp;08 Prague 1<br \/>tel.\/fax. 224&nbsp;931&nbsp;148<br \/>email: <a href=\"mailto:flasar@flasar.cz\">flasar@flasar.cz<\/a><\/p>\n<\/div><\/div><\/div><div class=\"fusion-layout-column fusion_builder_column_inner fusion-builder-nested-column-1 fusion_builder_column_inner_1_3 1_3 fusion-flex-column\" style=\"--awb-bg-size:cover;--awb-width-large:33.333333333333%;--awb-margin-top-large:0px;--awb-spacing-right-large:5.76%;--awb-margin-bottom-large:0px;--awb-spacing-left-large:5.76%;--awb-width-medium:33.333333333333%;--awb-order-medium:0;--awb-spacing-right-medium:5.76%;--awb-spacing-left-medium:5.76%;--awb-width-small:100%;--awb-order-small:0;--awb-spacing-right-small:1.92%;--awb-spacing-left-small:1.92%;\"><div class=\"fusion-column-wrapper fusion-column-has-shadow fusion-flex-justify-content-flex-start fusion-content-layout-column\"><div class=\"fusion-image-element \" style=\"text-align:center;--awb-margin-top:64px;--awb-margin-top-small:32px;--awb-margin-bottom-small:32px;--awb-max-width:60%;--awb-caption-title-size:var(--h2_typography-font-size);--awb-caption-title-transform:var(--h2_typography-text-transform);--awb-caption-title-line-height:var(--h2_typography-line-height);--awb-caption-title-letter-spacing:var(--h2_typography-letter-spacing);\"><span class=\" fusion-imageframe imageframe-none imageframe-1 hover-type-none\"><img decoding=\"async\" width=\"1417\" height=\"1396\" title=\"znak-CLnK\" src=\"https:\/\/lekarnici.cz\/wp-content\/uploads\/2022\/12\/znak-CLnK.jpg\" alt class=\"img-responsive wp-image-44041\" srcset=\"https:\/\/lekarnici.cz\/wp-content\/uploads\/2022\/12\/znak-CLnK-200x197.jpg 200w, https:\/\/lekarnici.cz\/wp-content\/uploads\/2022\/12\/znak-CLnK-400x394.jpg 400w, https:\/\/lekarnici.cz\/wp-content\/uploads\/2022\/12\/znak-CLnK-600x591.jpg 600w, https:\/\/lekarnici.cz\/wp-content\/uploads\/2022\/12\/znak-CLnK-800x788.jpg 800w, https:\/\/lekarnici.cz\/wp-content\/uploads\/2022\/12\/znak-CLnK-1200x1182.jpg 1200w, https:\/\/lekarnici.cz\/wp-content\/uploads\/2022\/12\/znak-CLnK.jpg 1417w\" sizes=\"(max-width: 640px) 100vw, 600px\" \/><\/span><\/div><\/div><\/div><\/div><div class=\"fusion-builder-row fusion-builder-row-inner fusion-row fusion-flex-align-items-flex-start\" style=\"width:104% !important;max-width:104% !important;margin-left: calc(-4% \/ 2 );margin-right: calc(-4% \/ 2 );\"><div class=\"fusion-layout-column fusion_builder_column_inner fusion-builder-nested-column-2 fusion_builder_column_inner_1_3 1_3 fusion-flex-column\" style=\"--awb-bg-size:cover;--awb-width-large:33.333333333333%;--awb-margin-top-large:0px;--awb-spacing-right-large:5.76%;--awb-margin-bottom-large:24px;--awb-spacing-left-large:5.76%;--awb-width-medium:50%;--awb-order-medium:0;--awb-spacing-right-medium:3.84%;--awb-spacing-left-medium:3.84%;--awb-width-small:100%;--awb-order-small:0;--awb-spacing-right-small:1.92%;--awb-spacing-left-small:1.92%;\"><div class=\"fusion-column-wrapper fusion-column-has-shadow fusion-flex-justify-content-flex-start fusion-content-layout-column\"><div class=\"fusion-title title fusion-title-4 fusion-sep-none fusion-title-text fusion-title-size-four\"><h4 class=\"title-heading-left fusion-responsive-typography-calculated\" style=\"margin:0;--fontSize:20;--minFontSize:20;line-height:var(--awb-typography1-line-height);\">Pavel Urda, locksmith services<\/h4><\/div><div class=\"fusion-text fusion-text-4\"><p>Svolinsk\u00e9ho 118\/72, 779&nbsp;00 Olomouc \u2013 Lo\u0161ov<br \/>\ntel.: 00420-606705001<br \/>\ne-mail: <a href=\"mailto:urda.pavel@seznam.cz\">urda.pavel@seznam.cz<\/a><br \/>\n<a href=\"http:\/\/www.kovo-urda.cz\" target=\"_blank\" rel=\"noopener\">www.kovo-urda.cz<\/a><\/p>\n<\/div><\/div><\/div><div class=\"fusion-layout-column fusion_builder_column_inner fusion-builder-nested-column-3 fusion_builder_column_inner_1_3 1_3 fusion-flex-column\" style=\"--awb-bg-size:cover;--awb-width-large:33.333333333333%;--awb-margin-top-large:0px;--awb-spacing-right-large:5.76%;--awb-margin-bottom-large:24px;--awb-spacing-left-large:5.76%;--awb-width-medium:50%;--awb-order-medium:0;--awb-spacing-right-medium:3.84%;--awb-spacing-left-medium:3.84%;--awb-width-small:100%;--awb-order-small:0;--awb-spacing-right-small:1.92%;--awb-spacing-left-small:1.92%;\"><div class=\"fusion-column-wrapper fusion-column-has-shadow fusion-flex-justify-content-flex-start fusion-content-layout-column\"><div class=\"fusion-title title fusion-title-5 fusion-sep-none fusion-title-text fusion-title-size-four\"><h4 class=\"title-heading-left fusion-responsive-typography-calculated\" style=\"margin:0;--fontSize:20;--minFontSize:20;line-height:var(--awb-typography1-line-height);\">ELEKTRO DRAPA\u010c s.r.o.<\/h4><\/div><div class=\"fusion-text fusion-text-5\"><p>\u017d\u010f\u00e1reck\u00e1 177, 549&nbsp;32 Velk\u00e9 Po\u0159\u00ed\u010d\u00ed<br \/><strong>Prague branch<\/strong><br \/><strong>Gutova 3317\/15, 100&nbsp;00 Praha 10 &#8211; Stra\u0161nice<\/strong><br \/>tel.: 724&nbsp;066&nbsp;306<br \/>tel.: 491&nbsp;482&nbsp;500<br \/>e-mail: <a href=\"mailto:eldr@eldr.cz\">eldr@eldr.cz<\/a><br \/><a href=\"http:\/\/www.eldr.cz\" target=\"_blank\" rel=\"noopener\">http:\/\/www.eldr.cz<\/a><\/p>\n<\/div><\/div><\/div><div class=\"fusion-layout-column fusion_builder_column_inner fusion-builder-nested-column-4 fusion_builder_column_inner_1_3 1_3 fusion-flex-column\" style=\"--awb-bg-size:cover;--awb-width-large:33.333333333333%;--awb-margin-top-large:0px;--awb-spacing-right-large:5.76%;--awb-margin-bottom-large:24px;--awb-spacing-left-large:5.76%;--awb-width-medium:50%;--awb-order-medium:0;--awb-spacing-right-medium:3.84%;--awb-spacing-left-medium:3.84%;--awb-width-small:100%;--awb-order-small:0;--awb-spacing-right-small:1.92%;--awb-spacing-left-small:1.92%;\"><div class=\"fusion-column-wrapper fusion-column-has-shadow fusion-flex-justify-content-flex-start fusion-content-layout-column\"><div class=\"fusion-title title fusion-title-6 fusion-sep-none fusion-title-text fusion-title-size-four\"><h4 class=\"title-heading-left fusion-responsive-typography-calculated\" style=\"margin:0;--fontSize:20;--minFontSize:20;line-height:var(--awb-typography1-line-height);\">MOOS s.r.o.<\/h4><\/div><div class=\"fusion-text fusion-text-6\"><p>represented by Ing. Petrem Moul\u00edkem<br \/>Ose\u010dany 90, 264&nbsp;01, Sedl\u010dany<br \/>tel.: 318&nbsp;864&nbsp;270, fax : 318&nbsp;86614<br \/>kancel\u00e1\u0159 Praha Branick\u00e1 93, 147&nbsp;00, Praha 4<br \/>tel.: 244468225, fax: 244468282<br \/>e-mail: <a href=\"mailto:moos@moos.cz\">moos@moos.cz<\/a><br \/><a href=\"http:\/\/www.moos.cz\" target=\"_blank\" rel=\"noopener\">www.moos.cz<\/a><\/p>\n<\/div><\/div><\/div><div class=\"fusion-layout-column fusion_builder_column_inner fusion-builder-nested-column-5 fusion_builder_column_inner_1_3 1_3 fusion-flex-column\" style=\"--awb-bg-size:cover;--awb-width-large:33.333333333333%;--awb-margin-top-large:0px;--awb-spacing-right-large:5.76%;--awb-margin-bottom-large:0px;--awb-spacing-left-large:5.76%;--awb-width-medium:50%;--awb-order-medium:0;--awb-spacing-right-medium:3.84%;--awb-margin-bottom-medium:24px;--awb-spacing-left-medium:3.84%;--awb-width-small:100%;--awb-order-small:0;--awb-spacing-right-small:1.92%;--awb-spacing-left-small:1.92%;\"><div class=\"fusion-column-wrapper fusion-column-has-shadow fusion-flex-justify-content-flex-start fusion-content-layout-column\"><div class=\"fusion-title title fusion-title-7 fusion-sep-none fusion-title-text fusion-title-size-four\"><h4 class=\"title-heading-left fusion-responsive-typography-calculated\" style=\"margin:0;--fontSize:20;--minFontSize:20;line-height:var(--awb-typography1-line-height);\">Akrylux s.r.o.<\/h4><\/div><div class=\"fusion-text fusion-text-7\"><p>represented by executive director Jarmilem Hr\u016fzou<br \/>Ben\u00e1tky nad Jizerou, M\u011blnick\u00e1 30, okres Mlad\u00e1 Boleslav, 294&nbsp;71<br \/>I\u010c 25794019<\/p>\n<\/div><\/div><\/div><div class=\"fusion-layout-column fusion_builder_column_inner fusion-builder-nested-column-6 fusion_builder_column_inner_1_3 1_3 fusion-flex-column\" style=\"--awb-bg-size:cover;--awb-width-large:33.333333333333%;--awb-margin-top-large:0px;--awb-spacing-right-large:5.76%;--awb-margin-bottom-large:0px;--awb-spacing-left-large:5.76%;--awb-width-medium:50%;--awb-order-medium:0;--awb-spacing-right-medium:3.84%;--awb-spacing-left-medium:3.84%;--awb-width-small:100%;--awb-order-small:0;--awb-spacing-right-small:1.92%;--awb-margin-bottom-small:24px;--awb-spacing-left-small:1.92%;\"><div class=\"fusion-column-wrapper fusion-column-has-shadow fusion-flex-justify-content-flex-start fusion-content-layout-column\"><div class=\"fusion-title title fusion-title-8 fusion-sep-none fusion-title-text fusion-title-size-four\"><h4 class=\"title-heading-left fusion-responsive-typography-calculated\" style=\"margin:0;--fontSize:20;--minFontSize:20;line-height:var(--awb-typography1-line-height);\">GSP SIGN DESIGN s.r.o.<\/h4><\/div><div class=\"fusion-text fusion-text-8\"><p>represented by executive director Kate\u0159inou Hr\u016fzovou<br \/>Ben\u00e1tky nad Jizerou II, Pr\u016fmyslov\u00e1 1007, 294&nbsp;71<br \/>I\u010c 267&nbsp;40&nbsp;923<\/p>\n<\/div><\/div><\/div><div class=\"fusion-layout-column fusion_builder_column_inner fusion-builder-nested-column-7 fusion_builder_column_inner_1_3 1_3 fusion-flex-column\" style=\"--awb-bg-size:cover;--awb-width-large:33.333333333333%;--awb-margin-top-large:0px;--awb-spacing-right-large:5.76%;--awb-margin-bottom-large:0px;--awb-spacing-left-large:5.76%;--awb-width-medium:33.333333333333%;--awb-order-medium:0;--awb-spacing-right-medium:5.76%;--awb-spacing-left-medium:5.76%;--awb-width-small:100%;--awb-order-small:0;--awb-spacing-right-small:1.92%;--awb-spacing-left-small:1.92%;\"><div class=\"fusion-column-wrapper fusion-column-has-shadow fusion-flex-justify-content-flex-start fusion-content-layout-column\"><div class=\"fusion-title title fusion-title-9 fusion-sep-none fusion-title-text fusion-title-size-four\"><h4 class=\"title-heading-left fusion-responsive-typography-calculated\" style=\"margin:0;--fontSize:20;--minFontSize:20;line-height:var(--awb-typography1-line-height);\">Azuro, s.r.o. \u2013 advertising production<\/h4><\/div><div class=\"fusion-text fusion-text-9\"><p>\u017dlutick\u00e1 9, 323&nbsp;00 Plze\u0148<br \/>\nI\u010c: 45358443<br \/>\nTel: 377&nbsp;523&nbsp;358<br \/>\ne-mail: <a href=\"mailto:vyroba@azuro.cz\">vyroba@azuro.cz<\/a><br \/>\n<a href=\"http:\/\/www.azuro.cz\" target=\"_blank\" rel=\"noopener\">www.azuro.cz<\/a><br \/>\n<a href=\"http:\/\/www.hotovereklamy.cz\" target=\"_blank\" rel=\"noopener\">www.hotovereklamy.cz<\/a><\/p>\n<\/div><\/div><\/div><\/div><\/div><\/div><\/div><\/div>\n","protected":false},"excerpt":{"rendered":"","protected":false},"author":11,"featured_media":0,"parent":0,"menu_order":0,"comment_status":"closed","ping_status":"closed","template":"100-width.php","meta":{"_bbp_topic_count":0,"_bbp_reply_count":0,"_bbp_total_topic_count":0,"_bbp_total_reply_count":0,"_bbp_voice_count":0,"_bbp_anonymous_reply_count":0,"_bbp_topic_count_hidden":0,"_bbp_reply_count_hidden":0,"_bbp_forum_subforum_count":0,"footnotes":"","_expiration-date-status":"","_expiration-date":0,"_expiration-date-type":"","_expiration-date-categories":[],"_expiration-date-options":[]},"class_list":["post-64941","page","type-page","status-publish","hentry"],"acf":[],"yoast_head":"<!-- This site is optimized with the Yoast SEO plugin v20.8 - https:\/\/yoast.com\/wordpress\/plugins\/seo\/ -->\n<title>Information about the Czech Chamber of Pharmacists | \u010cesk\u00e1 l\u00e9k\u00e1rnick\u00e1 komora<\/title>\n<meta name=\"robots\" content=\"index, follow, max-snippet:-1, max-image-preview:large, max-video-preview:-1\" \/>\n<link rel=\"canonical\" href=\"https:\/\/lekarnici.cz\/en\/information-about-the-czech-chamber-of-pharmacists\/\" \/>\n<meta property=\"og:locale\" content=\"en_US\" \/>\n<meta property=\"og:type\" content=\"article\" \/>\n<meta property=\"og:title\" content=\"Information about the Czech Chamber of Pharmacists | \u010cesk\u00e1 l\u00e9k\u00e1rnick\u00e1 komora\" \/>\n<meta property=\"og:url\" content=\"https:\/\/lekarnici.cz\/en\/information-about-the-czech-chamber-of-pharmacists\/\" \/>\n<meta property=\"og:site_name\" content=\"\u010cesk\u00e1 l\u00e9k\u00e1rnick\u00e1 komora\" \/>\n<meta property=\"article:modified_time\" content=\"2023-03-07T11:33:07+00:00\" \/>\n<meta name=\"twitter:card\" content=\"summary_large_image\" \/>\n<meta name=\"twitter:label1\" content=\"Est. reading time\" \/>\n\t<meta name=\"twitter:data1\" content=\"18 minutes\" \/>\n<script type=\"application\/ld+json\" class=\"yoast-schema-graph\">{\"@context\":\"https:\/\/schema.org\",\"@graph\":[{\"@type\":\"WebPage\",\"@id\":\"https:\/\/lekarnici.cz\/en\/information-about-the-czech-chamber-of-pharmacists\/\",\"url\":\"https:\/\/lekarnici.cz\/en\/information-about-the-czech-chamber-of-pharmacists\/\",\"name\":\"Information about the Czech Chamber of Pharmacists | \u010cesk\u00e1 l\u00e9k\u00e1rnick\u00e1 komora\",\"isPartOf\":{\"@id\":\"https:\/\/lekarnici.cz\/en\/#website\"},\"datePublished\":\"2022-12-09T08:58:21+00:00\",\"dateModified\":\"2023-03-07T11:33:07+00:00\",\"breadcrumb\":{\"@id\":\"https:\/\/lekarnici.cz\/en\/information-about-the-czech-chamber-of-pharmacists\/#breadcrumb\"},\"inLanguage\":\"en-US\",\"potentialAction\":[{\"@type\":\"ReadAction\",\"target\":[\"https:\/\/lekarnici.cz\/en\/information-about-the-czech-chamber-of-pharmacists\/\"]}]},{\"@type\":\"BreadcrumbList\",\"@id\":\"https:\/\/lekarnici.cz\/en\/information-about-the-czech-chamber-of-pharmacists\/#breadcrumb\",\"itemListElement\":[{\"@type\":\"ListItem\",\"position\":1,\"name\":\"Homepage\",\"item\":\"https:\/\/lekarnici.cz\/en\/\"},{\"@type\":\"ListItem\",\"position\":2,\"name\":\"Information about the Czech Chamber of Pharmacists\"}]},{\"@type\":\"WebSite\",\"@id\":\"https:\/\/lekarnici.cz\/en\/#website\",\"url\":\"https:\/\/lekarnici.cz\/en\/\",\"name\":\"\u010cesk\u00e1 l\u00e9k\u00e1rnick\u00e1 komora\",\"description\":\"\u010cLnK\",\"potentialAction\":[{\"@type\":\"SearchAction\",\"target\":{\"@type\":\"EntryPoint\",\"urlTemplate\":\"https:\/\/lekarnici.cz\/en\/?s={search_term_string}\"},\"query-input\":\"required name=search_term_string\"}],\"inLanguage\":\"en-US\"}]}<\/script>\n<!-- \/ Yoast SEO plugin. -->","yoast_head_json":{"title":"Information about the Czech Chamber of Pharmacists | \u010cesk\u00e1 l\u00e9k\u00e1rnick\u00e1 komora","robots":{"index":"index","follow":"follow","max-snippet":"max-snippet:-1","max-image-preview":"max-image-preview:large","max-video-preview":"max-video-preview:-1"},"canonical":"https:\/\/lekarnici.cz\/en\/information-about-the-czech-chamber-of-pharmacists\/","og_locale":"en_US","og_type":"article","og_title":"Information about the Czech Chamber of Pharmacists | \u010cesk\u00e1 l\u00e9k\u00e1rnick\u00e1 komora","og_url":"https:\/\/lekarnici.cz\/en\/information-about-the-czech-chamber-of-pharmacists\/","og_site_name":"\u010cesk\u00e1 l\u00e9k\u00e1rnick\u00e1 komora","article_modified_time":"2023-03-07T11:33:07+00:00","twitter_card":"summary_large_image","twitter_misc":{"Est. reading time":"18 minutes"},"schema":{"@context":"https:\/\/schema.org","@graph":[{"@type":"WebPage","@id":"https:\/\/lekarnici.cz\/en\/information-about-the-czech-chamber-of-pharmacists\/","url":"https:\/\/lekarnici.cz\/en\/information-about-the-czech-chamber-of-pharmacists\/","name":"Information about the Czech Chamber of Pharmacists | \u010cesk\u00e1 l\u00e9k\u00e1rnick\u00e1 komora","isPartOf":{"@id":"https:\/\/lekarnici.cz\/en\/#website"},"datePublished":"2022-12-09T08:58:21+00:00","dateModified":"2023-03-07T11:33:07+00:00","breadcrumb":{"@id":"https:\/\/lekarnici.cz\/en\/information-about-the-czech-chamber-of-pharmacists\/#breadcrumb"},"inLanguage":"en-US","potentialAction":[{"@type":"ReadAction","target":["https:\/\/lekarnici.cz\/en\/information-about-the-czech-chamber-of-pharmacists\/"]}]},{"@type":"BreadcrumbList","@id":"https:\/\/lekarnici.cz\/en\/information-about-the-czech-chamber-of-pharmacists\/#breadcrumb","itemListElement":[{"@type":"ListItem","position":1,"name":"Homepage","item":"https:\/\/lekarnici.cz\/en\/"},{"@type":"ListItem","position":2,"name":"Information about the Czech Chamber of Pharmacists"}]},{"@type":"WebSite","@id":"https:\/\/lekarnici.cz\/en\/#website","url":"https:\/\/lekarnici.cz\/en\/","name":"\u010cesk\u00e1 l\u00e9k\u00e1rnick\u00e1 komora","description":"\u010cLnK","potentialAction":[{"@type":"SearchAction","target":{"@type":"EntryPoint","urlTemplate":"https:\/\/lekarnici.cz\/en\/?s={search_term_string}"},"query-input":"required name=search_term_string"}],"inLanguage":"en-US"}]}},"_links":{"self":[{"href":"https:\/\/lekarnici.cz\/en\/wp-json\/wp\/v2\/pages\/64941","targetHints":{"allow":["GET"]}}],"collection":[{"href":"https:\/\/lekarnici.cz\/en\/wp-json\/wp\/v2\/pages"}],"about":[{"href":"https:\/\/lekarnici.cz\/en\/wp-json\/wp\/v2\/types\/page"}],"author":[{"embeddable":true,"href":"https:\/\/lekarnici.cz\/en\/wp-json\/wp\/v2\/users\/11"}],"replies":[{"embeddable":true,"href":"https:\/\/lekarnici.cz\/en\/wp-json\/wp\/v2\/comments?post=64941"}],"version-history":[{"count":3,"href":"https:\/\/lekarnici.cz\/en\/wp-json\/wp\/v2\/pages\/64941\/revisions"}],"predecessor-version":[{"id":64944,"href":"https:\/\/lekarnici.cz\/en\/wp-json\/wp\/v2\/pages\/64941\/revisions\/64944"}],"wp:attachment":[{"href":"https:\/\/lekarnici.cz\/en\/wp-json\/wp\/v2\/media?parent=64941"}],"curies":[{"name":"wp","href":"https:\/\/api.w.org\/{rel}","templated":true}]}}